{"id":52,"date":"2021-05-27T09:53:43","date_gmt":"2021-05-27T07:53:43","guid":{"rendered":"http:\/\/combava.ch\/?page_id=52"},"modified":"2025-01-06T23:57:12","modified_gmt":"2025-01-06T22:57:12","slug":"kontakt","status":"publish","type":"page","link":"https:\/\/combava.ch\/?page_id=52","title":{"rendered":"Kontakt"},"content":{"rendered":"\n<p>Gerne heissen wir Sie bei uns Willkommen!<br>Hier finden Sie unsere Kontaktangaben:<\/p>\n\n\n\n<div class=\"wp-block-columns\">\n<div class=\"wp-block-column\">\n<p><strong><strong>Adresse<\/strong><br><\/strong>Restaurant Combava<br>Schwarzenburgstrasse 1007<br>3147 Mittelh\u00e4usern (K\u00f6niz)<br>+41 31 842 11 15<br>combava.restaurant@gmail.com<\/p>\n\n\n\n<p><strong><strong>Parkpl\u00e4tze<\/strong><br><\/strong>Es stehen 5 Kundenparkpl\u00e4tze zur Verf\u00fcgung<br>Falls diese besetzt sind verweisen wir zum Bahnhofparking (50 Meter entfernt)<\/p>\n<\/div>\n\n\n\n<div class=\"wp-block-column\">\n<p><strong>\u00d6ffnungszeiten<\/strong><\/p>\n\n\n\n<div class=\"wp-block-group\"><div class=\"wp-block-group__inner-container\">\n<p>Montag         09:30 &#8211; 14:00 \/ 16:30 &#8211; 21:30<\/p>\n<\/div><\/div>\n\n\n\n<p>Dienstag        09:30 &#8211; 14:00 \/ 16:30 &#8211; 21:30 <\/p>\n\n\n\n<p>(Am Dienstag bei Reservierung bis 00:00 ge\u00f6ffnet)<\/p>\n\n\n\n<p>Mittwoch       Geschlossen<\/p>\n\n\n\n<p>Donnerstag    09:30 &#8211; 14:00 \/ 16:30 &#8211; 21:30<\/p>\n\n\n\n<p>Freitag           11:00 &#8211; 14:00 \/ 16:30 &#8211; 22:00<\/p>\n\n\n\n<p><br>Samstag        12:00 &#8211; 22:00<\/p>\n\n\n\n<p>Sonntag        12:00 &#8211; 21:30<\/p>\n\n\n\n<p><br><strong>Warme K\u00fcche<\/strong><br>Montag &#8211; Freitag<br>11:00 &#8211; 14:00 &amp; 17:00 &#8211; 20:30<\/p>\n\n\n\n<p><\/p>\n\n\n\n<p><br>Samstag &#8211; Sonntag<br>Ganzen Tag warme K\u00fcche<\/p>\n<\/div>\n<\/div>\n\n\n\n<iframe src=\"https:\/\/www.google.com\/maps\/embed?pb=!1m18!1m12!1m3!1d2727.3631562750884!2d7.364926712694533!3d46.87590377101182!2m3!1f0!2f0!3f0!3m2!1i1024!2i768!4f13.1!3m3!1m2!1s0x478e476b24fa9221%3A0x9ed0651e373c3e!2sCombava%20Thai%20Bistro!5e0!3m2!1sen!2sch!4v1693907066835!5m2!1sen!2sch\" width=\"600\" height=\"450\" style=\"border:0;\" allowfullscreen=\"\" loading=\"lazy\" referrerpolicy=\"no-referrer-when-downgrade\"><\/iframe>\n","protected":false},"excerpt":{"rendered":"<p>Gerne heissen wir Sie bei uns Willkommen!Hier finden Sie unsere Kontaktangaben: AdresseRestaurant CombavaSchwarzenburgstrasse 10073147 Mittelh\u00e4usern (K\u00f6niz)+41 31 842 11 15combava.restaurant@gmail.com Parkpl\u00e4tzeEs stehen 5 Kundenparkpl\u00e4tze zur Verf\u00fcgungFalls diese besetzt sind verweisen wir zum Bahnhofparking (50 Meter entfernt) \u00d6ffnungszeiten Dienstag 09:30 &#8211; 14:00 \/ 16:30 &#8211; 21:30 (Am Dienstag bei Reservierung bis [&hellip;]<\/p>\n","protected":false},"author":1,"featured_media":0,"parent":0,"menu_order":0,"comment_status":"closed","ping_status":"closed","template":"","meta":[],"_links":{"self":[{"href":"https:\/\/combava.ch\/index.php?rest_route=\/wp\/v2\/pages\/52"}],"collection":[{"href":"https:\/\/combava.ch\/index.php?rest_route=\/wp\/v2\/pages"}],"about":[{"href":"https:\/\/combava.ch\/index.php?rest_route=\/wp\/v2\/types\/page"}],"author":[{"embeddable":true,"href":"https:\/\/combava.ch\/index.php?rest_route=\/wp\/v2\/users\/1"}],"replies":[{"embeddable":true,"href":"https:\/\/combava.ch\/index.php?rest_route=%2Fwp%2Fv2%2Fcomments&post=52"}],"version-history":[{"count":13,"href":"https:\/\/combava.ch\/index.php?rest_route=\/wp\/v2\/pages\/52\/revisions"}],"predecessor-version":[{"id":450,"href":"https:\/\/combava.ch\/index.php?rest_route=\/wp\/v2\/pages\/52\/revisions\/450"}],"wp:attachment":[{"href":"https:\/\/combava.ch\/index.php?rest_route=%2Fwp%2Fv2%2Fmedia&parent=52"}],"curies":[{"name":"wp","href":"https:\/\/api.w.org\/{rel}","templated":true}]}}